{"id":4211,"date":"2026-03-13T21:00:59","date_gmt":"2026-03-14T00:00:59","guid":{"rendered":"https:\/\/www.luminarterapias.com.br\/loja\/?post_type=product&#038;p=4211"},"modified":"2026-03-18T20:30:22","modified_gmt":"2026-03-18T23:30:22","slug":"banho-de-calma-sabonete-terapeutico","status":"publish","type":"product","link":"https:\/\/www.luminarterapias.com.br\/loja\/produto\/banho-de-calma-sabonete-terapeutico","title":{"rendered":"Banho de Calma &#8211; Sabonete Terap\u00eautico"},"content":{"rendered":"<p><strong>Banho de Calma<\/strong> foi elaborado especialmente para aqueles momentos em que tudo que voc\u00ea quer \u00e9 aquele banho quentinho pra desacelerar.<\/p>\n<p>&nbsp;<\/p>\n<p>Este sabonete l\u00edquido totalmente natural tem \u00f3leos essenciais 100% puros de <strong>lavanda, ger\u00e2nio, palmarosa e copa\u00edba.<\/strong><\/p>\n<p>&nbsp;<\/p>\n<p>Juntos eles criam uma combina\u00e7\u00e3o perfeita para voc\u00ea relaxar, acalmar as emo\u00e7\u00f5es depois de um dia cansativo.<\/p>\n<p>&nbsp;<\/p>\n<p>Al\u00e9m de hidratar profundamente a pele, tem um aroma floral \u00fanico que vai fazer do seu banho um verdadeiro ritual de autocuidado.<\/p>\n<p><em><br \/>\n100% vegano, natural e artesanal \ud83d\udc9c<\/em><\/p>\n<p>&nbsp;<\/p>\n","protected":false},"excerpt":{"rendered":"<p>Banho de Calma foi elaborado especialmente para aqueles momentos em que tudo que voc\u00ea quer \u00e9 aquele banho quentinho pra desacelerar. &nbsp; Este sabonete l\u00edquido totalmente natural tem \u00f3leos essenciais 100% puros de lavanda, ger\u00e2nio, palmarosa e copa\u00edba. &nbsp; Juntos eles criam uma combina\u00e7\u00e3o perfeita para voc\u00ea relaxar, acalmar as emo\u00e7\u00f5es depois de um dia [&hellip;]<\/p>\n","protected":false},"featured_media":4213,"comment_status":"open","ping_status":"closed","template":"","meta":{"_acf_changed":false},"product_brand":[],"product_cat":[239,182,238],"product_tag":[],"class_list":{"0":"post-4211","1":"product","2":"type-product","3":"status-publish","4":"has-post-thumbnail","6":"product_cat-sabonetes-terapeuticos-2","7":"product_cat-aromaterapia","8":"product_cat-sabonetes-terapeuticos","10":"first","11":"instock","12":"shipping-taxable","13":"purchasable","14":"product-type-simple"},"acf":[],"_links":{"self":[{"href":"https:\/\/www.luminarterapias.com.br\/loja\/wp-json\/wp\/v2\/product\/4211","targetHints":{"allow":["GET"]}}],"collection":[{"href":"https:\/\/www.luminarterapias.com.br\/loja\/wp-json\/wp\/v2\/product"}],"about":[{"href":"https:\/\/www.luminarterapias.com.br\/loja\/wp-json\/wp\/v2\/types\/product"}],"replies":[{"embeddable":true,"href":"https:\/\/www.luminarterapias.com.br\/loja\/wp-json\/wp\/v2\/comments?post=4211"}],"wp:featuredmedia":[{"embeddable":true,"href":"https:\/\/www.luminarterapias.com.br\/loja\/wp-json\/wp\/v2\/media\/4213"}],"wp:attachment":[{"href":"https:\/\/www.luminarterapias.com.br\/loja\/wp-json\/wp\/v2\/media?parent=4211"}],"wp:term":[{"taxonomy":"product_brand","embeddable":true,"href":"https:\/\/www.luminarterapias.com.br\/loja\/wp-json\/wp\/v2\/product_brand?post=4211"},{"taxonomy":"product_cat","embeddable":true,"href":"https:\/\/www.luminarterapias.com.br\/loja\/wp-json\/wp\/v2\/product_cat?post=4211"},{"taxonomy":"product_tag","embeddable":true,"href":"https:\/\/www.luminarterapias.com.br\/loja\/wp-json\/wp\/v2\/product_tag?post=4211"}],"curies":[{"name":"wp","href":"https:\/\/api.w.org\/{rel}","templated":true}]}}