{"id":4088,"date":"2025-08-18T13:52:50","date_gmt":"2025-08-18T16:52:50","guid":{"rendered":"https:\/\/www.luminarterapias.com.br\/loja\/?post_type=product&#038;p=4088"},"modified":"2025-08-25T17:56:06","modified_gmt":"2025-08-25T20:56:06","slug":"sem-ansiedade-inalador-terapeutico","status":"publish","type":"product","link":"https:\/\/www.luminarterapias.com.br\/loja\/produto\/sem-ansiedade-inalador-terapeutico","title":{"rendered":"Sem Ansiedade &#8211; Inalador Terap\u00eautico"},"content":{"rendered":"<p><strong>Sem Ansiedade<\/strong> foi elaborado especialmente para aqueles momentos em que a ansiedade come\u00e7a a tomar conta. De repente, o nervosismo bate, as preocupa\u00e7\u00f5es come\u00e7am a tomar conta e voc\u00ea e \u00e9 justamente nesses momentos em que o inalador terap\u00eautico da Luminar pode te ajudar !<\/p>\n<p>&nbsp;<\/p>\n<p>A f\u00f3rmula cont\u00e9m \u00f3leos essenciais 100% puros:<\/p>\n<p>&nbsp;<\/p>\n<ul>\n<li><strong>Hortel\u00e3 Pimenta<\/strong>: refresca a mente, traz clareza e ajuda a afastar pensamentos repetitivos ligados \u00e0 ansiedade.<\/li>\n<\/ul>\n<p>&nbsp;<\/p>\n<ul>\n<li><strong>Lavanda<\/strong>: relaxa o sistema nervoso, diminui a agita\u00e7\u00e3o e promove calma emocional.<\/li>\n<\/ul>\n<p>&nbsp;<\/p>\n<ul>\n<li><strong>Lim\u00e3o Siciliano<\/strong>: eleva o humor, renova as energias e traz leveza \u00e0s emo\u00e7\u00f5es.<\/li>\n<\/ul>\n<p>&nbsp;<\/p>\n<p><strong>Modo de usar:\u00a0<\/strong>Basta colocar cuidadosamente o tubinho sob cada uma das narinas e inalar profundamente algumas vezes para sentir os benef\u00edcios.<\/p>\n<p>&nbsp;<\/p>\n<p><strong>Precauc\u00f5es:<\/strong> N\u00e3o compartilhe o seu inalador com ningu\u00e9m. Sempre guarde bem fechado e longe do calor e da luz solar.<\/p>\n<p>&nbsp;<\/p>\n<p><em>Se voc\u00ea tem hipertens\u00e3o, o \u00f3leo essencial de Hortel\u00e3-Pimenta n\u00e3o \u00e9 recomendado, neste caso, basta escrever nas observa\u00e7\u00f5es do pedido para que possamos elaborar a f\u00f3rmula com outro \u00f3leo essencial mais indicado para o seu caso.<\/em><\/p>\n<p>&nbsp;<\/p>\n<p>&nbsp;<\/p>\n","protected":false},"excerpt":{"rendered":"<p>Sem Ansiedade foi elaborado especialmente para aqueles momentos em que a ansiedade come\u00e7a a tomar conta. De repente, o nervosismo bate, as preocupa\u00e7\u00f5es come\u00e7am a tomar conta e voc\u00ea e \u00e9 justamente nesses momentos em que o inalador terap\u00eautico da Luminar pode te ajudar ! &nbsp; A f\u00f3rmula cont\u00e9m \u00f3leos essenciais 100% puros: &nbsp; Hortel\u00e3 [&hellip;]<\/p>\n","protected":false},"featured_media":4079,"comment_status":"open","ping_status":"closed","template":"","meta":{"_acf_changed":false},"product_brand":[],"product_cat":[201,182,199,237],"product_tag":[],"class_list":{"0":"post-4088","1":"product","2":"type-product","3":"status-publish","4":"has-post-thumbnail","6":"product_cat-ansiedade","7":"product_cat-aromaterapia","8":"product_cat-emocional","9":"product_cat-inaladores-terapeuticos","11":"first","12":"instock","13":"sale","14":"shipping-taxable","15":"purchasable","16":"product-type-simple"},"acf":[],"_links":{"self":[{"href":"https:\/\/www.luminarterapias.com.br\/loja\/wp-json\/wp\/v2\/product\/4088","targetHints":{"allow":["GET"]}}],"collection":[{"href":"https:\/\/www.luminarterapias.com.br\/loja\/wp-json\/wp\/v2\/product"}],"about":[{"href":"https:\/\/www.luminarterapias.com.br\/loja\/wp-json\/wp\/v2\/types\/product"}],"replies":[{"embeddable":true,"href":"https:\/\/www.luminarterapias.com.br\/loja\/wp-json\/wp\/v2\/comments?post=4088"}],"wp:featuredmedia":[{"embeddable":true,"href":"https:\/\/www.luminarterapias.com.br\/loja\/wp-json\/wp\/v2\/media\/4079"}],"wp:attachment":[{"href":"https:\/\/www.luminarterapias.com.br\/loja\/wp-json\/wp\/v2\/media?parent=4088"}],"wp:term":[{"taxonomy":"product_brand","embeddable":true,"href":"https:\/\/www.luminarterapias.com.br\/loja\/wp-json\/wp\/v2\/product_brand?post=4088"},{"taxonomy":"product_cat","embeddable":true,"href":"https:\/\/www.luminarterapias.com.br\/loja\/wp-json\/wp\/v2\/product_cat?post=4088"},{"taxonomy":"product_tag","embeddable":true,"href":"https:\/\/www.luminarterapias.com.br\/loja\/wp-json\/wp\/v2\/product_tag?post=4088"}],"curies":[{"name":"wp","href":"https:\/\/api.w.org\/{rel}","templated":true}]}}