{"id":3937,"date":"2024-11-15T22:14:27","date_gmt":"2024-11-16T01:14:27","guid":{"rendered":"https:\/\/www.luminarterapias.com.br\/loja\/?post_type=product&#038;p=3937"},"modified":"2025-08-18T11:59:33","modified_gmt":"2025-08-18T14:59:33","slug":"blend-chakra-laringeo-vishuddha","status":"publish","type":"product","link":"https:\/\/www.luminarterapias.com.br\/loja\/produto\/blend-chakra-laringeo-vishuddha","title":{"rendered":"Blend Chakra Lar\u00edngeo (Vishuddha)"},"content":{"rendered":"<p>Criamos essa linha especialmente para <strong>harmonizar<\/strong> estes 7 <strong>grandes pontos de energia<\/strong> do nosso corpo!\u00a0Cada \u00f3leo essencial foi pensado e escolhido cuidadosamente para fortalecer os <strong>Chakras<\/strong>. Isso porque, em desequil\u00edbrio, esses pontos podem mudar completamente a nossa energia e nosso f\u00edsico, mental, emocional e espiritual ficar uma bagun\u00e7a!<\/p>\n<p>&nbsp;<\/p>\n<p><strong>O que s\u00e3o Chakras?<\/strong><\/p>\n<p>Os chakras s\u00e3o centros de energia no corpo humano que regulam o fluxo de energia vital. Cada um dos sete chakras principais est\u00e1 associado a uma \u00e1rea espec\u00edfica do corpo e aspectos emocionais, f\u00edsicos e espirituais. Quando est\u00e3o em equil\u00edbrio, promovem bem-estar e harmonia. Em desequil\u00edbrio, podem causar bloqueios emocionais, desconfortos f\u00edsicos e falta de energia.<\/p>\n<p>&nbsp;<\/p>\n<p><strong>Chakra Lar\u00edngeo (Vishuddha, em s\u00e2nscrito)<\/strong><\/p>\n<p>Localizado na <strong>regi\u00e3o da garganta<\/strong>, est\u00e1 relacionado \u00e0 comunica\u00e7\u00e3o e express\u00e3o da verdade.<\/p>\n<p>&nbsp;<\/p>\n<p>Quando em <strong>equil\u00edbrio<\/strong>: Promove clareza na comunica\u00e7\u00e3o e confian\u00e7a para se expressar.<\/p>\n<p>&nbsp;<\/p>\n<p>Quando em <strong>desequil\u00edbrio:<\/strong> Pode causar timidez, dificuldade em falar ou problemas na garganta.<\/p>\n<p>&nbsp;<\/p>\n<p><strong>Blend Chakra Lar\u00edngeo<\/strong><\/p>\n<p>&nbsp;<\/p>\n<p><strong>Composi\u00e7\u00e3o:<\/strong> \u00d3leos essenciais 100% puros de Eucalipto, S\u00e2ndalo, S\u00e1lvia Esclareia e \u00f3leo vegetal de coco fracionado.<\/p>\n<p>&nbsp;<\/p>\n<p><strong>Benef\u00edcios:<\/strong> Estimula a express\u00e3o da verdade e confian\u00e7a na comunica\u00e7\u00e3o. Estimula falas mais assertivas e conscientes.<\/p>\n<p>&nbsp;<\/p>\n<p><strong>Modo de usar:<\/strong>\u00a0Todos os Blends da Luminar s\u00e3o em formato Rollon para facilitar a aplica\u00e7\u00e3o. Massageie a regi\u00e3o da garganta ou passe em pontos como pulsos, nuca, p\u00e9s. Espalhe na m\u00e3o e inale sempre que precisar se expressar com mais clareza e assertividade.<\/p>\n<p>&nbsp;<\/p>\n<p>\ud83d\udc9c 1<strong>00% natural, vegano e artesanal.<\/strong><\/p>\n","protected":false},"excerpt":{"rendered":"<p>Criamos essa linha especialmente para harmonizar estes 7 grandes pontos de energia do nosso corpo!\u00a0Cada \u00f3leo essencial foi pensado e escolhido cuidadosamente para fortalecer os Chakras. Isso porque, em desequil\u00edbrio, esses pontos podem mudar completamente a nossa energia e nosso f\u00edsico, mental, emocional e espiritual ficar uma bagun\u00e7a! &nbsp; O que s\u00e3o Chakras? Os chakras [&hellip;]<\/p>\n","protected":false},"featured_media":3938,"comment_status":"open","ping_status":"closed","template":"","meta":{"_acf_changed":false},"product_brand":[],"product_cat":[182,195],"product_tag":[236],"class_list":{"0":"post-3937","1":"product","2":"type-product","3":"status-publish","4":"has-post-thumbnail","6":"product_cat-aromaterapia","7":"product_cat-blends","8":"product_tag-sinergia-dos-7-chakras","10":"first","11":"instock","12":"sale","13":"shipping-taxable","14":"purchasable","15":"product-type-simple"},"acf":[],"_links":{"self":[{"href":"https:\/\/www.luminarterapias.com.br\/loja\/wp-json\/wp\/v2\/product\/3937","targetHints":{"allow":["GET"]}}],"collection":[{"href":"https:\/\/www.luminarterapias.com.br\/loja\/wp-json\/wp\/v2\/product"}],"about":[{"href":"https:\/\/www.luminarterapias.com.br\/loja\/wp-json\/wp\/v2\/types\/product"}],"replies":[{"embeddable":true,"href":"https:\/\/www.luminarterapias.com.br\/loja\/wp-json\/wp\/v2\/comments?post=3937"}],"wp:featuredmedia":[{"embeddable":true,"href":"https:\/\/www.luminarterapias.com.br\/loja\/wp-json\/wp\/v2\/media\/3938"}],"wp:attachment":[{"href":"https:\/\/www.luminarterapias.com.br\/loja\/wp-json\/wp\/v2\/media?parent=3937"}],"wp:term":[{"taxonomy":"product_brand","embeddable":true,"href":"https:\/\/www.luminarterapias.com.br\/loja\/wp-json\/wp\/v2\/product_brand?post=3937"},{"taxonomy":"product_cat","embeddable":true,"href":"https:\/\/www.luminarterapias.com.br\/loja\/wp-json\/wp\/v2\/product_cat?post=3937"},{"taxonomy":"product_tag","embeddable":true,"href":"https:\/\/www.luminarterapias.com.br\/loja\/wp-json\/wp\/v2\/product_tag?post=3937"}],"curies":[{"name":"wp","href":"https:\/\/api.w.org\/{rel}","templated":true}]}}