{"id":3929,"date":"2024-11-14T00:43:28","date_gmt":"2024-11-14T03:43:28","guid":{"rendered":"https:\/\/www.luminarterapias.com.br\/loja\/?post_type=product&#038;p=3929"},"modified":"2025-08-18T11:59:35","modified_gmt":"2025-08-18T14:59:35","slug":"chakra-sacral-svadhisthana","status":"publish","type":"product","link":"https:\/\/www.luminarterapias.com.br\/loja\/produto\/chakra-sacral-svadhisthana","title":{"rendered":"Chakra Sacral (Svadhisthana)"},"content":{"rendered":"<p>&nbsp;<\/p>\n<p>Criamos essa linha especialmente para <strong>harmonizar<\/strong> estes 7 <strong>grandes pontos de energia<\/strong> do nosso corpo!\u00a0Cada \u00f3leo essencial foi pensado e escolhido cuidadosamente para fortalecer os Chakras. Isso porque, em desequil\u00edbrio, esses pontos podem mudar completamente a nossa energia e nosso f\u00edsico, mental, emocional e espiritual ficar uma bagun\u00e7a!<\/p>\n<p><strong>Chakras<\/strong> s\u00e3o centros de energia que percorrem o corpo humano, desde a base da coluna at\u00e9 o topo da cabe\u00e7a. Cada chakra representa aspectos emocionais, f\u00edsicos e espirituais e, quando equilibrados, promovem sa\u00fade e bem-estar. Quando em desequil\u00edbrio, podem gerar bloqueios que afetam tanto a mente quanto o corpo.<\/p>\n<p>&nbsp;<\/p>\n<p><strong>Conhe\u00e7a os blends exclusivos da Luminar, criados para alinhar e harmonizar cada um dos seus chakras. Todos os blends s\u00e3o feitos com \u00f3leos essenciais 100% puros, naturais, veganos e artesanais.<\/strong><\/p>\n<p>&nbsp;<\/p>\n<p><strong>Chakra Sacral (Svadhisthana)<\/strong><\/p>\n<p>Situado na regi\u00e3o do baixo ventre, o Chakra Sacral \u00e9 o centro da criatividade, prazer e das emo\u00e7\u00f5es.<\/p>\n<p><strong>Cor:<\/strong> Laranja<\/p>\n<p>&nbsp;<\/p>\n<p><strong>\u2022Equil\u00edbrio:<\/strong> Nutre a paix\u00e3o, a criatividade e a capacidade de se relacionar emocionalmente.<\/p>\n<p>&nbsp;<\/p>\n<p><strong>\u2022Desequil\u00edbrio:<\/strong> Pode resultar em bloqueios emocionais, falta de prazer e dificuldades de conex\u00e3o com a pr\u00f3pria criatividade.<\/p>\n<p>&nbsp;<\/p>\n<p><strong>Blend Chakra Sacral<\/strong><\/p>\n<p><strong>\u2022Composi\u00e7\u00e3o:<\/strong> \u00d3leos essenciais de Ylang Ylang, Gengibre, Laranja Doce e \u00f3leo vegetal de coco fracionado.<\/p>\n<p>&nbsp;<\/p>\n<p><strong>\u2022Benef\u00edcios:<\/strong> Estimula a express\u00e3o pessoal e emocional, promovendo o equil\u00edbrio da sensualidade e das emo\u00e7\u00f5es.<\/p>\n<p>&nbsp;<\/p>\n<p><strong>\u2022Modo de Usar:<\/strong> Aplique na regi\u00e3o do baixo ventre e inale profundamente. Use durante pr\u00e1ticas de autocuidado ou momentos em que precisar de mais coragem e criatividade.<\/p>\n<p>&nbsp;<\/p>\n<p><em>Aten\u00e7\u00e3o: Blend Fotossens\u00edvel. N\u00e3o se exponha ao sol depois da aplica\u00e7\u00e3o!<\/em><\/p>\n","protected":false},"excerpt":{"rendered":"<p>&nbsp; Criamos essa linha especialmente para harmonizar estes 7 grandes pontos de energia do nosso corpo!\u00a0Cada \u00f3leo essencial foi pensado e escolhido cuidadosamente para fortalecer os Chakras. Isso porque, em desequil\u00edbrio, esses pontos podem mudar completamente a nossa energia e nosso f\u00edsico, mental, emocional e espiritual ficar uma bagun\u00e7a! Chakras s\u00e3o centros de energia que [&hellip;]<\/p>\n","protected":false},"featured_media":3922,"comment_status":"open","ping_status":"closed","template":"","meta":{"_acf_changed":false},"product_brand":[],"product_cat":[182,195],"product_tag":[236],"class_list":{"0":"post-3929","1":"product","2":"type-product","3":"status-publish","4":"has-post-thumbnail","6":"product_cat-aromaterapia","7":"product_cat-blends","8":"product_tag-sinergia-dos-7-chakras","10":"first","11":"instock","12":"sale","13":"shipping-taxable","14":"purchasable","15":"product-type-simple"},"acf":[],"_links":{"self":[{"href":"https:\/\/www.luminarterapias.com.br\/loja\/wp-json\/wp\/v2\/product\/3929","targetHints":{"allow":["GET"]}}],"collection":[{"href":"https:\/\/www.luminarterapias.com.br\/loja\/wp-json\/wp\/v2\/product"}],"about":[{"href":"https:\/\/www.luminarterapias.com.br\/loja\/wp-json\/wp\/v2\/types\/product"}],"replies":[{"embeddable":true,"href":"https:\/\/www.luminarterapias.com.br\/loja\/wp-json\/wp\/v2\/comments?post=3929"}],"wp:featuredmedia":[{"embeddable":true,"href":"https:\/\/www.luminarterapias.com.br\/loja\/wp-json\/wp\/v2\/media\/3922"}],"wp:attachment":[{"href":"https:\/\/www.luminarterapias.com.br\/loja\/wp-json\/wp\/v2\/media?parent=3929"}],"wp:term":[{"taxonomy":"product_brand","embeddable":true,"href":"https:\/\/www.luminarterapias.com.br\/loja\/wp-json\/wp\/v2\/product_brand?post=3929"},{"taxonomy":"product_cat","embeddable":true,"href":"https:\/\/www.luminarterapias.com.br\/loja\/wp-json\/wp\/v2\/product_cat?post=3929"},{"taxonomy":"product_tag","embeddable":true,"href":"https:\/\/www.luminarterapias.com.br\/loja\/wp-json\/wp\/v2\/product_tag?post=3929"}],"curies":[{"name":"wp","href":"https:\/\/api.w.org\/{rel}","templated":true}]}}