{"id":3595,"date":"2024-07-11T03:20:52","date_gmt":"2024-07-11T06:20:52","guid":{"rendered":"https:\/\/www.luminarterapias.com.br\/loja\/?post_type=product&#038;p=3595"},"modified":"2025-08-27T09:12:22","modified_gmt":"2025-08-27T12:12:22","slug":"mama-nenem-blend-de-oleos-essenciais-10ml","status":"publish","type":"product","link":"https:\/\/www.luminarterapias.com.br\/loja\/produto\/mama-nenem-blend-de-oleos-essenciais-10ml","title":{"rendered":"Mama, Nen\u00e9m &#8211; Blend de \u00d3leos Essenciais 10ml"},"content":{"rendered":"<p style=\"text-align: left;\"><strong>Mama, Nen\u00e9m<\/strong> foi elaborado para as mam\u00e3es lactantes aumentarem de forma natural a produ\u00e7\u00e3o de leite, com os benef\u00edcios e a tradi\u00e7\u00e3o da Aromaterapia.<\/p>\n<p>&nbsp;<\/p>\n<p><strong>O que tem no Blend:<\/strong> \u00d3leos essenciais naturais, 100% puros e veganos.<\/p>\n<p>&nbsp;<\/p>\n<p><strong>Erva-Doce:<\/strong> \u00c9 tradicionalmente utilizada como galactagogo natural, subst\u00e2ncia que ajuda a aumentar a produ\u00e7\u00e3o de leite materno. Ajuda ainda a equilibrar os horm\u00f4nios femininos, promovendo a promo\u00e7\u00e3o de leite.<\/p>\n<p>&nbsp;<\/p>\n<p><strong>Capim-Lim\u00e3o:<\/strong> \u00a0Possui propriedades relaxantes que ajudam a diminuir o estresse, ansiedade fatores que podem interferir na produ\u00e7\u00e3o de leite.<\/p>\n<p>&nbsp;<\/p>\n<p><b>Todos os Blends da Luminar s\u00e3o elaborados com \u00f3leo vegetal carreador de coco fracionado, que tem r\u00e1pida absor\u00e7\u00e3o e \u00e9\u00a0excelente para hidratar a pele. Desta forma voc\u00ea pode aplicar nossa sinergia diretamente na pele de forma segura e eficaz.<\/b><\/p>\n<p>&nbsp;<\/p>\n<p><b>\u00a0Nossos Blends s\u00e3o produzidos em rollon para facilitar ainda mais esta aplica\u00e7\u00e3o.<\/b><\/p>\n<p>&nbsp;<\/p>\n<p><i>Cuidados: Massageie suavemente os seios e evite a \u00e1rea dos mamilos. Espere o \u00f3leo secar totalmente antes de amamentar. Qualquer d\u00favida, consulte sempre seu m\u00e9dico de confian\u00e7a. A Aromaterapia \u00e9 considerada pelo SUS uma pr\u00e1tica integrativa complementar.\u00a0<\/i><\/p>\n<p>&nbsp;<\/p>\n<p><i> Na Luminar, oferecemos consultas integrativas de Aromaterapia para que voc\u00ea possa entender as causas emocionais das dores e ter um atendimento personalizado com Aromaterapeutas profissionais.\u00a0<\/i><\/p>\n","protected":false},"excerpt":{"rendered":"<p>Mama, Nen\u00e9m foi elaborado para as mam\u00e3es lactantes aumentarem de forma natural a produ\u00e7\u00e3o de leite, com os benef\u00edcios e a tradi\u00e7\u00e3o da Aromaterapia. &nbsp; O que tem no Blend: \u00d3leos essenciais naturais, 100% puros e veganos. &nbsp; Erva-Doce: \u00c9 tradicionalmente utilizada como galactagogo natural, subst\u00e2ncia que ajuda a aumentar a produ\u00e7\u00e3o de leite materno. [&hellip;]<\/p>\n","protected":false},"featured_media":3806,"comment_status":"open","ping_status":"closed","template":"","meta":{"_acf_changed":false},"product_brand":[],"product_cat":[182,215,195,199,223],"product_tag":[],"class_list":{"0":"post-3595","1":"product","2":"type-product","3":"status-publish","4":"has-post-thumbnail","6":"product_cat-aromaterapia","7":"product_cat-autoconfianca","8":"product_cat-blends","9":"product_cat-emocional","10":"product_cat-mamaes-2","12":"first","13":"instock","14":"sale","15":"shipping-taxable","16":"purchasable","17":"product-type-simple"},"acf":[],"_links":{"self":[{"href":"https:\/\/www.luminarterapias.com.br\/loja\/wp-json\/wp\/v2\/product\/3595","targetHints":{"allow":["GET"]}}],"collection":[{"href":"https:\/\/www.luminarterapias.com.br\/loja\/wp-json\/wp\/v2\/product"}],"about":[{"href":"https:\/\/www.luminarterapias.com.br\/loja\/wp-json\/wp\/v2\/types\/product"}],"replies":[{"embeddable":true,"href":"https:\/\/www.luminarterapias.com.br\/loja\/wp-json\/wp\/v2\/comments?post=3595"}],"wp:featuredmedia":[{"embeddable":true,"href":"https:\/\/www.luminarterapias.com.br\/loja\/wp-json\/wp\/v2\/media\/3806"}],"wp:attachment":[{"href":"https:\/\/www.luminarterapias.com.br\/loja\/wp-json\/wp\/v2\/media?parent=3595"}],"wp:term":[{"taxonomy":"product_brand","embeddable":true,"href":"https:\/\/www.luminarterapias.com.br\/loja\/wp-json\/wp\/v2\/product_brand?post=3595"},{"taxonomy":"product_cat","embeddable":true,"href":"https:\/\/www.luminarterapias.com.br\/loja\/wp-json\/wp\/v2\/product_cat?post=3595"},{"taxonomy":"product_tag","embeddable":true,"href":"https:\/\/www.luminarterapias.com.br\/loja\/wp-json\/wp\/v2\/product_tag?post=3595"}],"curies":[{"name":"wp","href":"https:\/\/api.w.org\/{rel}","templated":true}]}}