{"id":3594,"date":"2024-07-11T03:11:19","date_gmt":"2024-07-11T06:11:19","guid":{"rendered":"https:\/\/www.luminarterapias.com.br\/loja\/?post_type=product&#038;p=3594"},"modified":"2025-08-27T09:27:00","modified_gmt":"2025-08-27T12:27:00","slug":"parto-normal-blend-de-oleos-essenciais-10ml","status":"publish","type":"product","link":"https:\/\/www.luminarterapias.com.br\/loja\/produto\/parto-normal-blend-de-oleos-essenciais-10ml","title":{"rendered":"Parto Normal &#8211; Blend de \u00d3leos Essenciais 10ml"},"content":{"rendered":"<p style=\"text-align: left;\"><strong>Parto Normal<\/strong> \u00e9 um dos Blends queridinhos da Luminar porque encoraja de forma natural as futuras incr\u00edveis mam\u00e3es a passarem pelas contra\u00e7\u00f5es, sensa\u00e7\u00f5es e emo\u00e7\u00f5es durante o trabalho de parto.<\/p>\n<p>&nbsp;<\/p>\n<p><strong>O que tem no Blend:<\/strong> \u00f3leos essenciais naturais, 100% puros e veganos.<\/p>\n<p>&nbsp;<\/p>\n<p><strong>S\u00e1lvia Esclareia:<\/strong> Ajuda a estimular contra\u00e7\u00f5es uterinas auxiliando na progress\u00e3o do trabalho de parto. Possui propriedades analg\u00e9sicas que aliviam dores e desconfortos durante o trabalho de parto. Ajuda a equilibrar os horm\u00f4nios e a promover a libera\u00e7\u00e3o de ocitocina, respons\u00e1vel pelas contra\u00e7\u00f5es uterinas e ainda reduz a ansiedade e promove um estado de relaxamento durante o trabalho de parto.<\/p>\n<p>&nbsp;<\/p>\n<p><strong>Manjerona:<\/strong> Promove relaxamento geral do corpo e da mente, ajudando a mam\u00e3e a manter a calma e a tranquilidade durante o trabalho de parto.<\/p>\n<p>&nbsp;<\/p>\n<p><strong>Mam\u00e3es, voc\u00eas s\u00e3o incr\u00edveis!<\/strong><\/p>\n<p>&nbsp;<\/p>\n<p><em>Este Blend deve ser usado apenas quando o trabalho de parto come\u00e7ar.\u00a0<\/em><\/p>\n<p><em><br \/>\nA S\u00e1lvia Esclareia n\u00e3o \u00e9 indicada para outros momentos da gesta\u00e7\u00e3o. \u00a0A Aromaterapia \u00e9 definida pelo SUS como uma pr\u00e1tica Integrativa complementar.<\/em><\/p>\n<p>&nbsp;<\/p>\n<p>Comunique sua equipe m\u00e9dica sobre o uso deste Blend. Se voc\u00ea tiver uma Doula, no momento do parto, ela pode usar o blend para fazer massagens sempre que necess\u00e1rio.<\/p>\n","protected":false},"excerpt":{"rendered":"<p>Parto Normal \u00e9 um dos Blends queridinhos da Luminar porque encoraja de forma natural as futuras incr\u00edveis mam\u00e3es a passarem pelas contra\u00e7\u00f5es, sensa\u00e7\u00f5es e emo\u00e7\u00f5es durante o trabalho de parto. &nbsp; O que tem no Blend: \u00f3leos essenciais naturais, 100% puros e veganos. &nbsp; S\u00e1lvia Esclareia: Ajuda a estimular contra\u00e7\u00f5es uterinas auxiliando na progress\u00e3o do [&hellip;]<\/p>\n","protected":false},"featured_media":3601,"comment_status":"open","ping_status":"closed","template":"","meta":{"_acf_changed":false},"product_brand":[],"product_cat":[201,182,215,195,199,223,207],"product_tag":[],"class_list":{"0":"post-3594","1":"product","2":"type-product","3":"status-publish","4":"has-post-thumbnail","6":"product_cat-ansiedade","7":"product_cat-aromaterapia","8":"product_cat-autoconfianca","9":"product_cat-blends","10":"product_cat-emocional","11":"product_cat-mamaes-2","12":"product_cat-medos","14":"first","15":"instock","16":"sale","17":"shipping-taxable","18":"purchasable","19":"product-type-simple"},"acf":[],"_links":{"self":[{"href":"https:\/\/www.luminarterapias.com.br\/loja\/wp-json\/wp\/v2\/product\/3594","targetHints":{"allow":["GET"]}}],"collection":[{"href":"https:\/\/www.luminarterapias.com.br\/loja\/wp-json\/wp\/v2\/product"}],"about":[{"href":"https:\/\/www.luminarterapias.com.br\/loja\/wp-json\/wp\/v2\/types\/product"}],"replies":[{"embeddable":true,"href":"https:\/\/www.luminarterapias.com.br\/loja\/wp-json\/wp\/v2\/comments?post=3594"}],"wp:featuredmedia":[{"embeddable":true,"href":"https:\/\/www.luminarterapias.com.br\/loja\/wp-json\/wp\/v2\/media\/3601"}],"wp:attachment":[{"href":"https:\/\/www.luminarterapias.com.br\/loja\/wp-json\/wp\/v2\/media?parent=3594"}],"wp:term":[{"taxonomy":"product_brand","embeddable":true,"href":"https:\/\/www.luminarterapias.com.br\/loja\/wp-json\/wp\/v2\/product_brand?post=3594"},{"taxonomy":"product_cat","embeddable":true,"href":"https:\/\/www.luminarterapias.com.br\/loja\/wp-json\/wp\/v2\/product_cat?post=3594"},{"taxonomy":"product_tag","embeddable":true,"href":"https:\/\/www.luminarterapias.com.br\/loja\/wp-json\/wp\/v2\/product_tag?post=3594"}],"curies":[{"name":"wp","href":"https:\/\/api.w.org\/{rel}","templated":true}]}}