{"id":3342,"date":"2024-06-25T08:47:58","date_gmt":"2024-06-25T11:47:58","guid":{"rendered":"https:\/\/www.luminarterapias.com.br\/loja\/produto\/blend-de-oleo-essencial-energizar-10ml-blend-de-oleo-essencial-acalmar-10ml"},"modified":"2024-10-23T22:18:24","modified_gmt":"2024-10-24T01:18:24","slug":"blend-de-oleo-essencial-energizar-10ml-blend-de-oleo-essencial-acalmar-10ml","status":"publish","type":"product","link":"https:\/\/www.luminarterapias.com.br\/loja\/produto\/blend-de-oleo-essencial-energizar-10ml-blend-de-oleo-essencial-acalmar-10ml","title":{"rendered":"Energizar 10ml + Acalmar 10ml &#8211;  Duplinhas de Sucesso"},"content":{"rendered":"<p>Essa Duplinha faz o maior sucesso! <strong>Blend Energizar<\/strong> te d\u00e1 \u00e2nimo e disposi\u00e7\u00e3o pra enfrentar o dia o <strong>Blend Acalmar<\/strong> \u00e9 perfeito pra relaxar, acalmar as emo\u00e7\u00f5es, diminuir a ansiedade e dormir melhor.<\/p>\n<p>O que tem no Kit:<\/p>\n<p><strong>ENERGIZAR\u00a0<\/strong>\u00e9 elaborado com \u00f3leos essenciais <strong>100% puros, naturais e veganos<\/strong> de Laranja Doce, Hortel\u00e3- Pimenta e Lim\u00e3o Siciliano. Juntos estes tr\u00eas \u00f3leos despertam \u00e2nimo e vitalidade para dias mais produtivos, alegres e com a energia que voc\u00ea precisa pra viver com mais disposi\u00e7\u00e3o.<\/p>\n<p><strong>(Este Blend n\u00e3o \u00e9 recomendado para quem tem Hipertens\u00e3o, porque Hortel\u00e3-Pimenta tem efeito estimulante no sistema nervoso, o que pode elevar a press\u00e3o arterial em pessoas hipertensas)<\/strong><\/p>\n<p><strong>ACALMAR\u00a0<\/strong>\u00e9 elaborado com \u00f3leos essenciais\u00a0<strong>100% puros, naturais e veganos\u00a0<\/strong>de Lavanda, Bergamota e Camomila Romana que criam uma sinergia perfeita pra combater a ansiedade, o estresse e ajudar a relaxar sempre que voc\u00ea precisar desacelerar de forma natural no seu dia a dia.<\/p>\n<p><strong>Todos os Blends da Luminar s\u00e3o elaborados com \u00f3leo vegetal carreador de coco fracionado, que tem r\u00e1pida absor\u00e7\u00e3o e \u00e9\u00a0excelente para hidratar a pele. Desta forma voc\u00ea pode aplicar nossa sinergia diretamente na pele de forma segura e eficaz.<\/strong><\/p>\n<p><strong>\u00a0Nossos Blends s\u00e3o produzidos em rollon para facilitar ainda mais esta aplica\u00e7\u00e3o.<\/strong><\/p>\n<p>&nbsp;<\/p>\n","protected":false},"excerpt":{"rendered":"<p>Essa Duplinha faz o maior sucesso! Blend Energizar te d\u00e1 \u00e2nimo e disposi\u00e7\u00e3o pra enfrentar o dia o Blend Acalmar \u00e9 perfeito pra relaxar, acalmar as emo\u00e7\u00f5es, diminuir a ansiedade e dormir melhor. O que tem no Kit: ENERGIZAR\u00a0\u00e9 elaborado com \u00f3leos essenciais 100% puros, naturais e veganos de Laranja Doce, Hortel\u00e3- Pimenta e Lim\u00e3o [&hellip;]<\/p>\n","protected":false},"featured_media":3500,"comment_status":"open","ping_status":"closed","template":"","meta":{"_acf_changed":false},"product_brand":[],"product_cat":[215,195,198,225,197],"product_tag":[],"class_list":{"0":"post-3342","1":"product","2":"type-product","3":"status-publish","4":"has-post-thumbnail","6":"product_cat-autoconfianca","7":"product_cat-blends","8":"product_cat-dores-fisicas","9":"product_cat-duplinhas-de-sucesso","10":"product_cat-esgotamento-mental","12":"first","13":"instock","14":"sale","15":"shipping-taxable","16":"purchasable","17":"product-type-simple"},"acf":[],"_links":{"self":[{"href":"https:\/\/www.luminarterapias.com.br\/loja\/wp-json\/wp\/v2\/product\/3342","targetHints":{"allow":["GET"]}}],"collection":[{"href":"https:\/\/www.luminarterapias.com.br\/loja\/wp-json\/wp\/v2\/product"}],"about":[{"href":"https:\/\/www.luminarterapias.com.br\/loja\/wp-json\/wp\/v2\/types\/product"}],"replies":[{"embeddable":true,"href":"https:\/\/www.luminarterapias.com.br\/loja\/wp-json\/wp\/v2\/comments?post=3342"}],"wp:featuredmedia":[{"embeddable":true,"href":"https:\/\/www.luminarterapias.com.br\/loja\/wp-json\/wp\/v2\/media\/3500"}],"wp:attachment":[{"href":"https:\/\/www.luminarterapias.com.br\/loja\/wp-json\/wp\/v2\/media?parent=3342"}],"wp:term":[{"taxonomy":"product_brand","embeddable":true,"href":"https:\/\/www.luminarterapias.com.br\/loja\/wp-json\/wp\/v2\/product_brand?post=3342"},{"taxonomy":"product_cat","embeddable":true,"href":"https:\/\/www.luminarterapias.com.br\/loja\/wp-json\/wp\/v2\/product_cat?post=3342"},{"taxonomy":"product_tag","embeddable":true,"href":"https:\/\/www.luminarterapias.com.br\/loja\/wp-json\/wp\/v2\/product_tag?post=3342"}],"curies":[{"name":"wp","href":"https:\/\/api.w.org\/{rel}","templated":true}]}}