{"id":3338,"date":"2024-06-25T08:47:56","date_gmt":"2024-06-25T11:47:56","guid":{"rendered":"https:\/\/www.luminarterapias.com.br\/loja\/produto\/floral-energia-vital-10ml"},"modified":"2026-03-13T21:16:50","modified_gmt":"2026-03-14T00:16:50","slug":"floral-energia-vital-10ml","status":"publish","type":"product","link":"https:\/\/www.luminarterapias.com.br\/loja\/produto\/floral-energia-vital-10ml","title":{"rendered":"Energia Vital &#8211; Solu\u00e7\u00e3o Floral 10ml"},"content":{"rendered":"<p>ENERGIA VITAL &#8211; Este Floral \u00e9 indicado nos momentos dif\u00edceis, onde se permite a perda de grande quantidade de energia. Muitas vezes, isso ocorre quando se atravessa o processo de expans\u00e3o da consci\u00eancia, mudan\u00e7as internas e externas ou sensa\u00e7\u00e3o de vulnerabilidade, todos capazes de enfraquecer o sistema imunol\u00f3gico. Corrige as deforma\u00e7\u00f5es ocorridas nos corpos ps\u00edquico e et\u00e9rico. Desfaz a tens\u00e3o, acalmando a mente e fortalecendo o corpo. Libera e descongestiona os bloqueios nos Chacras. A for\u00e7a f\u00edsica vital percorre o organismo, potencializa os pr\u00f3prios recursos internos de fortalecimento e autocura. Funciona como um t\u00f4nico geral. \u00datil em estresse f\u00edsico e em doen\u00e7as f\u00edsicas.<\/p>\n","protected":false},"excerpt":{"rendered":"<p>ENERGIA VITAL &#8211; Este Floral \u00e9 indicado nos momentos dif\u00edceis, onde se permite a perda de grande quantidade de energia. Muitas vezes, isso ocorre quando se atravessa o processo de expans\u00e3o da consci\u00eancia, mudan\u00e7as internas e externas ou sensa\u00e7\u00e3o de vulnerabilidade, todos capazes de enfraquecer o sistema imunol\u00f3gico. Corrige as deforma\u00e7\u00f5es ocorridas nos corpos ps\u00edquico [&hellip;]<\/p>\n","protected":false},"featured_media":3514,"comment_status":"open","ping_status":"closed","template":"","meta":{"_acf_changed":false},"product_brand":[],"product_cat":[198,201,224,197],"product_tag":[],"class_list":{"0":"post-3338","1":"product","2":"type-product","3":"status-publish","4":"has-post-thumbnail","6":"product_cat-dores-fisicas","7":"product_cat-ansiedade","8":"product_cat-solucao-oral","9":"product_cat-esgotamento-mental","11":"first","12":"onbackorder","13":"sale","14":"shipping-taxable","15":"purchasable","16":"product-type-simple"},"acf":[],"_links":{"self":[{"href":"https:\/\/www.luminarterapias.com.br\/loja\/wp-json\/wp\/v2\/product\/3338","targetHints":{"allow":["GET"]}}],"collection":[{"href":"https:\/\/www.luminarterapias.com.br\/loja\/wp-json\/wp\/v2\/product"}],"about":[{"href":"https:\/\/www.luminarterapias.com.br\/loja\/wp-json\/wp\/v2\/types\/product"}],"replies":[{"embeddable":true,"href":"https:\/\/www.luminarterapias.com.br\/loja\/wp-json\/wp\/v2\/comments?post=3338"}],"wp:featuredmedia":[{"embeddable":true,"href":"https:\/\/www.luminarterapias.com.br\/loja\/wp-json\/wp\/v2\/media\/3514"}],"wp:attachment":[{"href":"https:\/\/www.luminarterapias.com.br\/loja\/wp-json\/wp\/v2\/media?parent=3338"}],"wp:term":[{"taxonomy":"product_brand","embeddable":true,"href":"https:\/\/www.luminarterapias.com.br\/loja\/wp-json\/wp\/v2\/product_brand?post=3338"},{"taxonomy":"product_cat","embeddable":true,"href":"https:\/\/www.luminarterapias.com.br\/loja\/wp-json\/wp\/v2\/product_cat?post=3338"},{"taxonomy":"product_tag","embeddable":true,"href":"https:\/\/www.luminarterapias.com.br\/loja\/wp-json\/wp\/v2\/product_tag?post=3338"}],"curies":[{"name":"wp","href":"https:\/\/api.w.org\/{rel}","templated":true}]}}