{"id":3333,"date":"2024-06-25T08:47:54","date_gmt":"2024-06-25T11:47:54","guid":{"rendered":"https:\/\/www.luminarterapias.com.br\/loja\/produto\/floral-finalizar-ciclo-10ml"},"modified":"2026-03-13T21:16:52","modified_gmt":"2026-03-14T00:16:52","slug":"floral-finalizar-ciclo-10ml","status":"publish","type":"product","link":"https:\/\/www.luminarterapias.com.br\/loja\/produto\/floral-finalizar-ciclo-10ml","title":{"rendered":"Finalizar Ciclo &#8211; Solu\u00e7\u00e3o Floral 10ml"},"content":{"rendered":"<p><strong>FINALIZAR CICLO &#8211;<\/strong> Este Floral \u00e9 perfeito para quem precisa finalizar um ciclo, mas tem dificuldade de vivser esse processo. \u00datil para desapegar daquilo que n\u00e3o tem mais espa\u00e7o na sua vida. Ideal para a prepara\u00e7\u00e3o da pessoa em rela\u00e7\u00e3o ao novo momento que se anuncia. Abrir a mente e o cora\u00e7\u00e3o para que o novo se apresente.<\/p>\n<p>Para que isso se processe, h\u00e1 necessidade de primeiramente finalizar por completo a etapa anterior com pessoas ou situa\u00e7\u00f5es. Quanto mais se dedicar nessa finaliza\u00e7\u00e3o, mais chances h\u00e1 de sucesso no pr\u00f3ximo ciclo.<\/p>\n<p>&nbsp;<\/p>\n<p>&nbsp;<\/p>\n<p><strong>Composi\u00e7\u00e3o:\u00a0<\/strong>Assim como todos os Florais, \u00e9 composto de essenciais vibracionais de plantas, flores e minerais vibracionais e solu\u00e7\u00e3o estoque com conservante conhaque. <em>(dilui\u00e7\u00e3o m\u00ednima e segura, sem contraindica\u00e7\u00f5es).\u00a0<\/em><\/p>\n<p>&nbsp;<\/p>\n<p><strong>Modo de usar: <\/strong>Adicione 4 gotas do Floral em um copo de \u00e1gua, ou na sua garrafinha e tome ao menos 2x ao dia.\u00a0 Ao tomar, se conecte com a sua inten\u00e7\u00e3o. Isso potencializa o tratamento e traz para o momento presente.<\/p>\n<p>&nbsp;<\/p>\n<p><strong>Saiba mais:<\/strong> https:\/\/www.luminarterapias.com.br\/florais\/terapia-floral-tudo-o-que-voce-precisa-saber<\/p>\n<p>&nbsp;<\/p>\n<p>Todos os Florais da Luminar s\u00e3o elaborados em parceria com os<em> Golfinhos Florais e Energia.\u00a0<\/em><\/p>\n<p>&nbsp;<\/p>\n<p><strong><br \/>\nProduto 100% natural, vegano e artesanal.\u00a0<\/strong><\/p>\n","protected":false},"excerpt":{"rendered":"<p>FINALIZAR CICLO &#8211; Este Floral \u00e9 perfeito para quem precisa finalizar um ciclo, mas tem dificuldade de vivser esse processo. \u00datil para desapegar daquilo que n\u00e3o tem mais espa\u00e7o na sua vida. Ideal para a prepara\u00e7\u00e3o da pessoa em rela\u00e7\u00e3o ao novo momento que se anuncia. Abrir a mente e o cora\u00e7\u00e3o para que o [&hellip;]<\/p>\n","protected":false},"featured_media":3482,"comment_status":"open","ping_status":"closed","template":"","meta":{"_acf_changed":false},"product_brand":[],"product_cat":[203,222,219,224],"product_tag":[],"class_list":{"0":"post-3333","1":"product","2":"type-product","3":"status-publish","4":"has-post-thumbnail","6":"product_cat-autoaceitacao","7":"product_cat-relacionamentos","8":"product_cat-traumas","9":"product_cat-solucao-oral","11":"first","12":"onbackorder","13":"sale","14":"shipping-taxable","15":"purchasable","16":"product-type-simple"},"acf":[],"_links":{"self":[{"href":"https:\/\/www.luminarterapias.com.br\/loja\/wp-json\/wp\/v2\/product\/3333","targetHints":{"allow":["GET"]}}],"collection":[{"href":"https:\/\/www.luminarterapias.com.br\/loja\/wp-json\/wp\/v2\/product"}],"about":[{"href":"https:\/\/www.luminarterapias.com.br\/loja\/wp-json\/wp\/v2\/types\/product"}],"replies":[{"embeddable":true,"href":"https:\/\/www.luminarterapias.com.br\/loja\/wp-json\/wp\/v2\/comments?post=3333"}],"wp:featuredmedia":[{"embeddable":true,"href":"https:\/\/www.luminarterapias.com.br\/loja\/wp-json\/wp\/v2\/media\/3482"}],"wp:attachment":[{"href":"https:\/\/www.luminarterapias.com.br\/loja\/wp-json\/wp\/v2\/media?parent=3333"}],"wp:term":[{"taxonomy":"product_brand","embeddable":true,"href":"https:\/\/www.luminarterapias.com.br\/loja\/wp-json\/wp\/v2\/product_brand?post=3333"},{"taxonomy":"product_cat","embeddable":true,"href":"https:\/\/www.luminarterapias.com.br\/loja\/wp-json\/wp\/v2\/product_cat?post=3333"},{"taxonomy":"product_tag","embeddable":true,"href":"https:\/\/www.luminarterapias.com.br\/loja\/wp-json\/wp\/v2\/product_tag?post=3333"}],"curies":[{"name":"wp","href":"https:\/\/api.w.org\/{rel}","templated":true}]}}