{"id":3319,"date":"2024-06-25T08:47:46","date_gmt":"2024-06-25T11:47:46","guid":{"rendered":"https:\/\/www.luminarterapias.com.br\/loja\/produto\/floral-spray-amar-e-ser-amado-60ml"},"modified":"2025-09-11T23:50:34","modified_gmt":"2025-09-12T02:50:34","slug":"floral-spray-amar-e-ser-amado-60ml","status":"publish","type":"product","link":"https:\/\/www.luminarterapias.com.br\/loja\/produto\/floral-spray-amar-e-ser-amado-60ml","title":{"rendered":"Amar e Ser Amado &#8211; Floral Spray 60ml"},"content":{"rendered":"<p><strong>AMAR E SER AMADO<\/strong> \u00e9 perfeito para situa\u00e7\u00f5es de conflito nos relacionamentos.<\/p>\n<p>&nbsp;<\/p>\n<p>&nbsp;<\/p>\n<p>Amplia e potencializa a capacidade de amar e ser amado, de ver al\u00e9m das apar\u00eancias, buscando incentivar o que h\u00e1 de melhor no outro. Facilita o desenvolvimento pessoal, atrav\u00e9s do amor-pr\u00f3prio e assim, se tornar receptivo para entregar-se ao amor.<\/p>\n<p>&nbsp;<\/p>\n<p>Estimula a troca. <strong>\u201c\u00c9 amando que se \u00e9 amado\u201d<\/strong>. Para se tornar uma pessoa amorosa, basta amar. Para ser amado por todos, basta amar a todos. Para come\u00e7ar a amar, h\u00e1 que se conhecer; se encontrar com sua ess\u00eancia de<strong> Luz e Amor.<\/strong> O amor a tudo permeia, pois sem o amor n\u00e3o haveria vida.<\/p>\n<p>&nbsp;<\/p>\n<p><strong>Indica\u00e7\u00e3o de uso:<\/strong> Floral muito \u00fatil para pessoas muito cr\u00edticas, que vivem apontando os problemas dos outros. Bom para harmonizar as rela\u00e7\u00f5es de forma afetuosa.<\/p>\n<p>&nbsp;<\/p>\n<p>&nbsp;<\/p>\n<p><strong>Modo de usar:<\/strong> Borrife em volta do corpo e nos ambientes para potencializar os benef\u00edcios. Coloque a sua real inten\u00e7\u00e3o sempre que usar o Spray.<\/p>\n<p>&nbsp;<\/p>\n<p>&nbsp;<\/p>\n<p><strong>Composi\u00e7\u00e3o:\u00a0<\/strong>Assim como todos os florais, o Spray \u00e9 composto de essenciais vibracionais de flores e plantas medicinais. Saiba mais no nosso blog: https:\/\/www.luminarterapias.com.br\/florais\/terapia-floral-tudo-o-que-voce-precisa-saber<\/p>\n<p>&nbsp;<\/p>\n<p>&nbsp;<\/p>\n<p><em>Recomendado para todas as idades. Todos os Florais da Luminar foram elaborados em parceria com os Golfinhos Florais e Energia, ess\u00eancias com uma egr\u00e9gora da natureza poderosa que harmonizam diferentes \u00e1reas da vida.<\/em><\/p>\n","protected":false},"excerpt":{"rendered":"<p>AMAR E SER AMADO \u00e9 perfeito para situa\u00e7\u00f5es de conflito nos relacionamentos. &nbsp; &nbsp; Amplia e potencializa a capacidade de amar e ser amado, de ver al\u00e9m das apar\u00eancias, buscando incentivar o que h\u00e1 de melhor no outro. Facilita o desenvolvimento pessoal, atrav\u00e9s do amor-pr\u00f3prio e assim, se tornar receptivo para entregar-se ao amor. &nbsp; [&hellip;]<\/p>\n","protected":false},"featured_media":3450,"comment_status":"open","ping_status":"closed","template":"","meta":{"_acf_changed":false},"product_brand":[],"product_cat":[215,222,221],"product_tag":[],"class_list":{"0":"post-3319","1":"product","2":"type-product","3":"status-publish","4":"has-post-thumbnail","6":"product_cat-autoconfianca","7":"product_cat-relacionamentos","8":"product_cat-sprays-florais","10":"first","11":"instock","12":"sale","13":"shipping-taxable","14":"purchasable","15":"product-type-simple"},"acf":[],"_links":{"self":[{"href":"https:\/\/www.luminarterapias.com.br\/loja\/wp-json\/wp\/v2\/product\/3319","targetHints":{"allow":["GET"]}}],"collection":[{"href":"https:\/\/www.luminarterapias.com.br\/loja\/wp-json\/wp\/v2\/product"}],"about":[{"href":"https:\/\/www.luminarterapias.com.br\/loja\/wp-json\/wp\/v2\/types\/product"}],"replies":[{"embeddable":true,"href":"https:\/\/www.luminarterapias.com.br\/loja\/wp-json\/wp\/v2\/comments?post=3319"}],"wp:featuredmedia":[{"embeddable":true,"href":"https:\/\/www.luminarterapias.com.br\/loja\/wp-json\/wp\/v2\/media\/3450"}],"wp:attachment":[{"href":"https:\/\/www.luminarterapias.com.br\/loja\/wp-json\/wp\/v2\/media?parent=3319"}],"wp:term":[{"taxonomy":"product_brand","embeddable":true,"href":"https:\/\/www.luminarterapias.com.br\/loja\/wp-json\/wp\/v2\/product_brand?post=3319"},{"taxonomy":"product_cat","embeddable":true,"href":"https:\/\/www.luminarterapias.com.br\/loja\/wp-json\/wp\/v2\/product_cat?post=3319"},{"taxonomy":"product_tag","embeddable":true,"href":"https:\/\/www.luminarterapias.com.br\/loja\/wp-json\/wp\/v2\/product_tag?post=3319"}],"curies":[{"name":"wp","href":"https:\/\/api.w.org\/{rel}","templated":true}]}}