{"id":3309,"date":"2024-06-25T08:47:41","date_gmt":"2024-06-25T11:47:41","guid":{"rendered":"https:\/\/www.luminarterapias.com.br\/loja\/produto\/blend-de-oleo-essencial-dor-muscular-10ml"},"modified":"2025-08-27T10:39:04","modified_gmt":"2025-08-27T13:39:04","slug":"blend-de-oleo-essencial-dor-muscular-10ml","status":"publish","type":"product","link":"https:\/\/www.luminarterapias.com.br\/loja\/produto\/blend-de-oleo-essencial-dor-muscular-10ml","title":{"rendered":"Dor Muscular &#8211; Blend de \u00d3leos Essenciais para Dores 10ml"},"content":{"rendered":"<p><strong>Dor Muscular<\/strong> \u00e9 perfeito para aliviar as dores musculares do corpo.<\/p>\n<p><strong>Indica\u00e7\u00e3o de uso:<\/strong> Para quem quer tratar as dores musculares de forma natural e aliviar as tens\u00f5es do corpo.<\/p>\n<p><strong>Benef\u00edcios dos \u00f3leos essenciais:\u00a0<\/strong><\/p>\n<p>&nbsp;<\/p>\n<p><strong>Capim Lim\u00e3o:<\/strong> Possui propriedades anti-inflamat\u00f3rias, ajuda a reduzir inflama\u00e7\u00e3o nos m\u00fasculos e articula\u00e7\u00f5es.<\/p>\n<p><strong><br \/>\nAlecrim:<\/strong> Propriedades analg\u00e9sicas, contribui pra aumentar a sa\u00fade muscular.<\/p>\n<p>&nbsp;<\/p>\n<p><strong>Pimenta Rosa:<\/strong> Reduz inflama\u00e7\u00e3o no corpo e contribui para tens\u00f5es e dores musculares.<\/p>\n<p>&nbsp;<\/p>\n<p><strong>O que tem no Blend:<\/strong> \u00f3leos essenciais de Capim Lim\u00e3o, Alecrim, Pimenta Rosa e \u00f3leo vegetal de coco fracionado.<\/p>\n<p>&nbsp;<\/p>\n<p><strong>Todos os Blends da Luminar s\u00e3o elaborados com \u00f3leo vegetal carreador de coco fracionado, que tem r\u00e1pida absor\u00e7\u00e3o e \u00e9\u00a0excelente para hidratar a pele. Desta forma voc\u00ea pode aplicar nossa sinergia diretamente na pele de forma segura e eficaz.<\/strong><\/p>\n<p><strong>\u00a0Nossos Blends s\u00e3o produzidos em rollon para facilitar ainda mais esta aplica\u00e7\u00e3o.<\/strong><\/p>\n<p>&nbsp;<\/p>\n<p>Tudo 100% natural, vegano, para voc\u00ea experimentar de forma segura todos os benef\u00edcios da Aromaterapia.<\/p>\n<p><em>Cuidados: N\u00e3o tome sol na \u00e1rea em que aplicar o produto. Blend fotossens\u00edvel.<\/em><\/p>\n<p><em>N\u00e3o recomendado para Gestantes e Lactantes.<\/em><\/p>\n","protected":false},"excerpt":{"rendered":"<p>Dor Muscular \u00e9 perfeito para aliviar as dores musculares do corpo. Indica\u00e7\u00e3o de uso: Para quem quer tratar as dores musculares de forma natural e aliviar as tens\u00f5es do corpo. Benef\u00edcios dos \u00f3leos essenciais:\u00a0 &nbsp; Capim Lim\u00e3o: Possui propriedades anti-inflamat\u00f3rias, ajuda a reduzir inflama\u00e7\u00e3o nos m\u00fasculos e articula\u00e7\u00f5es. Alecrim: Propriedades analg\u00e9sicas, contribui pra aumentar a [&hellip;]<\/p>\n","protected":false},"featured_media":3504,"comment_status":"open","ping_status":"closed","template":"","meta":{"_acf_changed":false},"product_brand":[],"product_cat":[195,198,207],"product_tag":[],"class_list":{"0":"post-3309","1":"product","2":"type-product","3":"status-publish","4":"has-post-thumbnail","6":"product_cat-blends","7":"product_cat-dores-fisicas","8":"product_cat-medos","10":"first","11":"instock","12":"sale","13":"shipping-taxable","14":"purchasable","15":"product-type-simple"},"acf":[],"_links":{"self":[{"href":"https:\/\/www.luminarterapias.com.br\/loja\/wp-json\/wp\/v2\/product\/3309","targetHints":{"allow":["GET"]}}],"collection":[{"href":"https:\/\/www.luminarterapias.com.br\/loja\/wp-json\/wp\/v2\/product"}],"about":[{"href":"https:\/\/www.luminarterapias.com.br\/loja\/wp-json\/wp\/v2\/types\/product"}],"replies":[{"embeddable":true,"href":"https:\/\/www.luminarterapias.com.br\/loja\/wp-json\/wp\/v2\/comments?post=3309"}],"wp:featuredmedia":[{"embeddable":true,"href":"https:\/\/www.luminarterapias.com.br\/loja\/wp-json\/wp\/v2\/media\/3504"}],"wp:attachment":[{"href":"https:\/\/www.luminarterapias.com.br\/loja\/wp-json\/wp\/v2\/media?parent=3309"}],"wp:term":[{"taxonomy":"product_brand","embeddable":true,"href":"https:\/\/www.luminarterapias.com.br\/loja\/wp-json\/wp\/v2\/product_brand?post=3309"},{"taxonomy":"product_cat","embeddable":true,"href":"https:\/\/www.luminarterapias.com.br\/loja\/wp-json\/wp\/v2\/product_cat?post=3309"},{"taxonomy":"product_tag","embeddable":true,"href":"https:\/\/www.luminarterapias.com.br\/loja\/wp-json\/wp\/v2\/product_tag?post=3309"}],"curies":[{"name":"wp","href":"https:\/\/api.w.org\/{rel}","templated":true}]}}