{"id":3304,"date":"2024-06-25T08:47:39","date_gmt":"2024-06-25T11:47:39","guid":{"rendered":"https:\/\/www.luminarterapias.com.br\/loja\/produto\/blend-de-oleo-essencial-para-atrair-sucesso-prosperidade-10ml"},"modified":"2025-09-16T16:01:24","modified_gmt":"2025-09-16T19:01:24","slug":"blend-de-oleo-essencial-para-atrair-sucesso-prosperidade-10ml","status":"publish","type":"product","link":"https:\/\/www.luminarterapias.com.br\/loja\/produto\/blend-de-oleo-essencial-para-atrair-sucesso-prosperidade-10ml","title":{"rendered":"Para Atrair Sucesso &#038; Prosperidade &#8211; Blend de \u00d3leos Essenciais 10ml"},"content":{"rendered":"<p><strong>Sucesso &amp; Prosperidade<\/strong> \u00e9 perfeito pra quem quer alcan\u00e7ar metas e atrair abund\u00e2ncia em todas as \u00e1reas da vida.<\/p>\n<p><strong><br \/>\nIndica\u00e7\u00e3o de uso<\/strong>: Perfeito para atrair prosperidade, criatividade, manter a persist\u00eancia e foco nos sonhos.<\/p>\n<p><strong>Benef\u00edcios dos \u00d3leos Essenciais:\u00a0<\/strong><\/p>\n<p>&nbsp;<\/p>\n<p><strong>Lim\u00e3o Siciliano<\/strong>: O aroma c\u00edtrico do lim\u00e3o aumenta a clareza mental, ajuda a tomar decis\u00f5es mais eficazes e traz uma mentalidade positiva pra sua vida.<\/p>\n<p>&nbsp;<\/p>\n<p><strong>Laranja Doce<\/strong>: Melhora o humor e estimula a criatividade e inspira\u00e7\u00e3o para encontrar novas possibilidades.<\/p>\n<p>&nbsp;<\/p>\n<p><strong>Vetiver<\/strong>: Traz for\u00e7a e persist\u00eancia pra voc\u00ea manter o foco e motiva\u00e7\u00e3o naquilo que realmente quer conquistar.<\/p>\n<p>&nbsp;<\/p>\n<p><strong>O que tem no Blend:<\/strong> \u00f3leos essenciais 100% puros de Lim\u00e3o Siciliano, Laranja Doce e Vetiver.<\/p>\n<p>&nbsp;<\/p>\n<p>Tudo natural,vegano, para voc\u00ea experimentar todos os benef\u00edcios da Aromaterapia e em formato Rollon para facilitar a aplica\u00e7\u00e3o.<\/p>\n<p>Todos os Blends da Luminar s\u00e3o elaborados com \u00f3leo vegetal carreador de coco fracionado, que tem r\u00e1pida absor\u00e7\u00e3o e \u00e9 um excelente hidratante. Desta forma voc\u00ea pode aplicar nossa sinergia diretamente na pele de forma segura e eficaz.<\/p>\n<p>&nbsp;<\/p>\n<p><em>\u00ad<strong>Cuidados: <\/strong>N\u00e3o tome sol na \u00e1rea em que aplicar o produto. Blend fotossens\u00edvel.<\/em><\/p>\n","protected":false},"excerpt":{"rendered":"<p>Sucesso &amp; Prosperidade \u00e9 perfeito pra quem quer alcan\u00e7ar metas e atrair abund\u00e2ncia em todas as \u00e1reas da vida. Indica\u00e7\u00e3o de uso: Perfeito para atrair prosperidade, criatividade, manter a persist\u00eancia e foco nos sonhos. Benef\u00edcios dos \u00d3leos Essenciais:\u00a0 &nbsp; Lim\u00e3o Siciliano: O aroma c\u00edtrico do lim\u00e3o aumenta a clareza mental, ajuda a tomar decis\u00f5es mais [&hellip;]<\/p>\n","protected":false},"featured_media":3786,"comment_status":"open","ping_status":"closed","template":"","meta":{"_acf_changed":false},"product_brand":[],"product_cat":[210],"product_tag":[],"class_list":{"0":"post-3304","1":"product","2":"type-product","3":"status-publish","4":"has-post-thumbnail","6":"product_cat-blends-para-atrair-aromaterapia","8":"first","9":"instock","10":"sale","11":"shipping-taxable","12":"purchasable","13":"product-type-simple"},"acf":[],"_links":{"self":[{"href":"https:\/\/www.luminarterapias.com.br\/loja\/wp-json\/wp\/v2\/product\/3304","targetHints":{"allow":["GET"]}}],"collection":[{"href":"https:\/\/www.luminarterapias.com.br\/loja\/wp-json\/wp\/v2\/product"}],"about":[{"href":"https:\/\/www.luminarterapias.com.br\/loja\/wp-json\/wp\/v2\/types\/product"}],"replies":[{"embeddable":true,"href":"https:\/\/www.luminarterapias.com.br\/loja\/wp-json\/wp\/v2\/comments?post=3304"}],"wp:featuredmedia":[{"embeddable":true,"href":"https:\/\/www.luminarterapias.com.br\/loja\/wp-json\/wp\/v2\/media\/3786"}],"wp:attachment":[{"href":"https:\/\/www.luminarterapias.com.br\/loja\/wp-json\/wp\/v2\/media?parent=3304"}],"wp:term":[{"taxonomy":"product_brand","embeddable":true,"href":"https:\/\/www.luminarterapias.com.br\/loja\/wp-json\/wp\/v2\/product_brand?post=3304"},{"taxonomy":"product_cat","embeddable":true,"href":"https:\/\/www.luminarterapias.com.br\/loja\/wp-json\/wp\/v2\/product_cat?post=3304"},{"taxonomy":"product_tag","embeddable":true,"href":"https:\/\/www.luminarterapias.com.br\/loja\/wp-json\/wp\/v2\/product_tag?post=3304"}],"curies":[{"name":"wp","href":"https:\/\/api.w.org\/{rel}","templated":true}]}}