{"id":3300,"date":"2024-06-25T08:47:37","date_gmt":"2024-06-25T11:47:37","guid":{"rendered":"https:\/\/www.luminarterapias.com.br\/loja\/produto\/blend-de-oleo-essencial-infantil-soninho-bom-10ml"},"modified":"2025-08-27T11:49:56","modified_gmt":"2025-08-27T14:49:56","slug":"blend-de-oleo-essencial-infantil-soninho-bom-10ml","status":"publish","type":"product","link":"https:\/\/www.luminarterapias.com.br\/loja\/produto\/blend-de-oleo-essencial-infantil-soninho-bom-10ml","title":{"rendered":"Soninho Bom &#8211; Blend de \u00d3leos Essenciais Infantil 10ml"},"content":{"rendered":"<p><strong>Soninho Bom <\/strong>\u00e9 perfeito para acalmar as crian\u00e7as na hora de dormir, promovendo um sono bem mais tranquilo.<\/p>\n<p>&nbsp;<\/p>\n<p><strong>Indica\u00e7\u00e3o de uso<\/strong>: Para as crian\u00e7as que t\u00eam dificuldades de dormir e relaxar. Costumam ficar agitadas \u00e0 noite e acordam muitas vezes interrompendo o ciclo do descanso.<\/p>\n<p>&nbsp;<\/p>\n<p><strong> Benef\u00edcios dos \u00d3leos essenciais:\u00a0<\/strong><\/p>\n<p>&nbsp;<\/p>\n<p><strong> Lavanda <\/strong>\u00e9 um \u00f3leo essencial excelente para promover um relaxamento mais profundo nas crian\u00e7as, pois possui propriedades calmantes que naturalmente facilitam o sono.<\/p>\n<p>&nbsp;<\/p>\n<p><strong>Manjerona <\/strong>acalma o sistema nervoso, combate a ins\u00f4nia e alivia tens\u00f5es. \u00c9 uma \u00f3tima planta medicinal para as crian\u00e7as.<\/p>\n<p><strong><br \/>\nCedro <\/strong>\u00e9 uma planta medicinal que possui propriedades calmantes, al\u00e9m de trazer seguran\u00e7a e equil\u00edbrio.<\/p>\n<p>Juntos s\u00e3o perfeitos para um soninho sempre bom!<\/p>\n<p>&nbsp;<\/p>\n<p><strong> O que tem no Blend: <\/strong>\u00d3leos essenciais 100% naturais, puros, veganos de Lavanda, Manjerona, Cedro e \u00f3leo vegetal de coco fracionado para voc\u00ea aplicar o rollon diretamente na pele de forma segura e eficaz.<\/p>\n<p><strong><em>Cuidados:<\/em> <\/strong>Uso externo. <em>N\u00e3o tome sol na \u00e1rea em que aplicar o produto. Blend fotossens\u00edvel<\/em>.<\/p>\n<p><strong>N\u00e3o esque\u00e7a de preencher corretamente a idade da crian\u00e7a na hora da compra. compra. <\/strong><\/p>\n<p><strong><br \/>\n<\/strong><strong>As propor\u00e7\u00f5es de \u00f3leos essenciais variam de acordo com a faixa et\u00e1ria.<\/strong><\/p>\n<p>Na Luminar, oferecemos consultas integrativas personalizadas para voc\u00ea aproveitar ainda mais os benef\u00edcios da Aromaterapia nos pequenos!<\/p>\n","protected":false},"excerpt":{"rendered":"<p>Soninho Bom \u00e9 perfeito para acalmar as crian\u00e7as na hora de dormir, promovendo um sono bem mais tranquilo. &nbsp; Indica\u00e7\u00e3o de uso: Para as crian\u00e7as que t\u00eam dificuldades de dormir e relaxar. Costumam ficar agitadas \u00e0 noite e acordam muitas vezes interrompendo o ciclo do descanso. &nbsp; Benef\u00edcios dos \u00d3leos essenciais:\u00a0 &nbsp; Lavanda \u00e9 um [&hellip;]<\/p>\n","protected":false},"featured_media":3787,"comment_status":"open","ping_status":"closed","template":"","meta":{"_acf_changed":false},"product_brand":[],"product_cat":[201,182,195,208,209],"product_tag":[],"class_list":{"0":"post-3300","1":"product","2":"type-product","3":"status-publish","4":"has-post-thumbnail","6":"product_cat-ansiedade","7":"product_cat-aromaterapia","8":"product_cat-blends","9":"product_cat-infantil","10":"product_cat-insonia-mental","12":"first","13":"instock","14":"sale","15":"shipping-taxable","16":"purchasable","17":"product-type-variable"},"acf":[],"_links":{"self":[{"href":"https:\/\/www.luminarterapias.com.br\/loja\/wp-json\/wp\/v2\/product\/3300","targetHints":{"allow":["GET"]}}],"collection":[{"href":"https:\/\/www.luminarterapias.com.br\/loja\/wp-json\/wp\/v2\/product"}],"about":[{"href":"https:\/\/www.luminarterapias.com.br\/loja\/wp-json\/wp\/v2\/types\/product"}],"replies":[{"embeddable":true,"href":"https:\/\/www.luminarterapias.com.br\/loja\/wp-json\/wp\/v2\/comments?post=3300"}],"wp:featuredmedia":[{"embeddable":true,"href":"https:\/\/www.luminarterapias.com.br\/loja\/wp-json\/wp\/v2\/media\/3787"}],"wp:attachment":[{"href":"https:\/\/www.luminarterapias.com.br\/loja\/wp-json\/wp\/v2\/media?parent=3300"}],"wp:term":[{"taxonomy":"product_brand","embeddable":true,"href":"https:\/\/www.luminarterapias.com.br\/loja\/wp-json\/wp\/v2\/product_brand?post=3300"},{"taxonomy":"product_cat","embeddable":true,"href":"https:\/\/www.luminarterapias.com.br\/loja\/wp-json\/wp\/v2\/product_cat?post=3300"},{"taxonomy":"product_tag","embeddable":true,"href":"https:\/\/www.luminarterapias.com.br\/loja\/wp-json\/wp\/v2\/product_tag?post=3300"}],"curies":[{"name":"wp","href":"https:\/\/api.w.org\/{rel}","templated":true}]}}