{"id":3298,"date":"2024-06-25T08:47:36","date_gmt":"2024-06-25T11:47:36","guid":{"rendered":"https:\/\/www.luminarterapias.com.br\/loja\/produto\/blend-de-oleo-essencial-acaba-resfriado-10ml"},"modified":"2024-09-23T20:12:24","modified_gmt":"2024-09-23T23:12:24","slug":"blend-de-oleo-essencial-acaba-resfriado-10ml","status":"publish","type":"product","link":"https:\/\/www.luminarterapias.com.br\/loja\/produto\/blend-de-oleo-essencial-acaba-resfriado-10ml","title":{"rendered":"Acaba Resfriado &#8211; Blend de \u00d3leos Essenciais 10ml"},"content":{"rendered":"<p><strong>Acaba Resfriado<\/strong> \u00e9 perfeito pra voc\u00ea enfrentar esses momentos em que o corpo pede mais cuidados de forma totalmente natural. Elaborado para que as gripes e resfriados n\u00e3o tirem o seu sono e disposi\u00e7\u00e3o.<\/p>\n<p>&nbsp;<\/p>\n<p><strong>Indica\u00e7\u00e3o de uso:<\/strong> Blend perfeito pra usar durante gripes, resfriados, durante mudan\u00e7as bruscas de temperatura e quando a imunidade estiver mais baixa.<\/p>\n<p>&nbsp;<\/p>\n<p><strong>Benef\u00edcios dos \u00d3leos Essenciais:<\/strong><\/p>\n<p>&nbsp;<\/p>\n<p><strong>A Melaleuca (Tea Tree)<\/strong> fortalece o sistema imunol\u00f3gico, \u00e9 um anti-inflamat\u00f3rio natural, alivia dores de garganta e vias respirat\u00f3rias congestionadas.<\/p>\n<p>&nbsp;<\/p>\n<p><strong>Eucalipto:<\/strong> \u00c9 um excelente expectorante, alivia tosses, facilita a elimina\u00e7\u00e3o do muco.<\/p>\n<p><strong><br \/>\nLim\u00e3o Siciliano<\/strong> auxilia na desintoxica\u00e7\u00e3o do corpo, eliminando toxinas, combate infec\u00e7\u00f5es e melhora o humor nesses dias em que a disposi\u00e7\u00e3o diminui.<\/p>\n<p><strong><br \/>\nO que tem no Blend:<\/strong> \u00d3leos essenciais 100% puros, naturais e veganos de Melaleuca, Eucalipto e Lim\u00e3o Siciliano.<\/p>\n<p><strong>Todos os Blends da Luminar s\u00e3o elaborados com \u00f3leo vegetal carreador de coco fracionado para voc\u00ea aplicar a sinergia diretamente na pele de forma segura e eficaz. Nossos Blends s\u00e3o produzidos em rollon para facilitar ainda mais esta aplica\u00e7\u00e3o.<\/strong><\/p>\n<p>Tudo 100% natural, vegano, artesanal pra voc\u00ea experimentar todos os benef\u00edcios da Aromaterapia.<\/p>\n<p><strong><em>Cuidados:<\/em> <\/strong>Uso externo. N\u00e3o tome sol na \u00e1rea em que aplicar o produto. Blend fotossens\u00edvel. Este Blend n\u00e3o \u00e9 recomendado para Gestantes e Lactantes. Em caso de irrita\u00e7\u00e3o procure um profissional apropriado. Na Luminar, ofertemos consultas integrativas com Aromaterapeutas profissionais.<\/p>\n","protected":false},"excerpt":{"rendered":"<p>Acaba Resfriado \u00e9 perfeito pra voc\u00ea enfrentar esses momentos em que o corpo pede mais cuidados de forma totalmente natural. Elaborado para que as gripes e resfriados n\u00e3o tirem o seu sono e disposi\u00e7\u00e3o. &nbsp; Indica\u00e7\u00e3o de uso: Blend perfeito pra usar durante gripes, resfriados, durante mudan\u00e7as bruscas de temperatura e quando a imunidade estiver [&hellip;]<\/p>\n","protected":false},"featured_media":3792,"comment_status":"open","ping_status":"closed","template":"","meta":{"_acf_changed":false},"product_brand":[],"product_cat":[182,195,198],"product_tag":[],"class_list":{"0":"post-3298","1":"product","2":"type-product","3":"status-publish","4":"has-post-thumbnail","6":"product_cat-aromaterapia","7":"product_cat-blends","8":"product_cat-dores-fisicas","10":"first","11":"instock","12":"sale","13":"shipping-taxable","14":"purchasable","15":"product-type-simple"},"acf":[],"_links":{"self":[{"href":"https:\/\/www.luminarterapias.com.br\/loja\/wp-json\/wp\/v2\/product\/3298","targetHints":{"allow":["GET"]}}],"collection":[{"href":"https:\/\/www.luminarterapias.com.br\/loja\/wp-json\/wp\/v2\/product"}],"about":[{"href":"https:\/\/www.luminarterapias.com.br\/loja\/wp-json\/wp\/v2\/types\/product"}],"replies":[{"embeddable":true,"href":"https:\/\/www.luminarterapias.com.br\/loja\/wp-json\/wp\/v2\/comments?post=3298"}],"wp:featuredmedia":[{"embeddable":true,"href":"https:\/\/www.luminarterapias.com.br\/loja\/wp-json\/wp\/v2\/media\/3792"}],"wp:attachment":[{"href":"https:\/\/www.luminarterapias.com.br\/loja\/wp-json\/wp\/v2\/media?parent=3298"}],"wp:term":[{"taxonomy":"product_brand","embeddable":true,"href":"https:\/\/www.luminarterapias.com.br\/loja\/wp-json\/wp\/v2\/product_brand?post=3298"},{"taxonomy":"product_cat","embeddable":true,"href":"https:\/\/www.luminarterapias.com.br\/loja\/wp-json\/wp\/v2\/product_cat?post=3298"},{"taxonomy":"product_tag","embeddable":true,"href":"https:\/\/www.luminarterapias.com.br\/loja\/wp-json\/wp\/v2\/product_tag?post=3298"}],"curies":[{"name":"wp","href":"https:\/\/api.w.org\/{rel}","templated":true}]}}