{"id":3295,"date":"2024-06-25T08:47:34","date_gmt":"2024-06-25T11:47:34","guid":{"rendered":"https:\/\/www.luminarterapias.com.br\/loja\/produto\/blend-de-oleo-essencial-acalmar-10ml"},"modified":"2025-02-05T21:54:52","modified_gmt":"2025-02-06T00:54:52","slug":"blend-de-oleo-essencial-acalmar-10ml","status":"publish","type":"product","link":"https:\/\/www.luminarterapias.com.br\/loja\/produto\/blend-de-oleo-essencial-acalmar-10ml","title":{"rendered":"Acalmar &#8211; Blend de \u00d3leos Essenciais 10ml"},"content":{"rendered":"<p><strong>Acalmar<\/strong> traz os benef\u00edcios da Lavanda, Bergamota e Camomila-Romana para reduzir a ansiedade e o nervosismo no seu dia a dia.<\/p>\n<p>&nbsp;<\/p>\n<p><strong>Indica\u00e7\u00e3o de uso<\/strong>: Este Blend \u00e9 indicado para quem est\u00e1 sempre pensando no amanh\u00e3, com muitas preocupa\u00e7\u00f5es e medos e pra quem n\u00e3o consegue dormir por causa das emo\u00e7\u00f5es em desequil\u00edbrio.<\/p>\n<p>&nbsp;<\/p>\n<p><strong>Benef\u00edcios dos \u00d3leos essenciais: <\/strong><\/p>\n<p><strong><br \/>\nLavanda<\/strong> tem propriedades naturais que acalmam e relaxam a mente. Tamb\u00e9m alivia dores de cabe\u00e7a.<\/p>\n<p>&nbsp;<\/p>\n<p><strong>Bergamota<\/strong> reduz a ansiedade, a depress\u00e3o, sintomas de tristeza e melancolia e melhora o humor.<\/p>\n<p>&nbsp;<\/p>\n<p>A <strong>Camomila Romana<\/strong> acalma a mente e melhora a qualidade do sono, aliviando tens\u00f5es e nervosismo.<\/p>\n<p>Juntos, s\u00e3o perfeitos pra diminuir a ansiedade, trazer calma e tranquilidade no dia a dia.<\/p>\n<p>&nbsp;<\/p>\n<p><strong>O que tem no Blend<\/strong>: \u00d3leos essenciais 100% puros, naturais e veganos de Lavanda, Bergamota e Camomila Romana em formato rollon para facilitar a aplica\u00e7\u00e3o.<\/p>\n<p><strong>Todos os Blends da Luminar s\u00e3o elaborados com \u00f3leo vegetal carreador de coco fracionado, que tem r\u00e1pida absor\u00e7\u00e3o e proporciona excelente hidrata\u00e7\u00e3o. Desta forma voc\u00ea pode aplicar nossa sinergia diretamente na pele de forma segura e eficaz.<\/strong><\/p>\n<p>&nbsp;<\/p>\n<p><em><strong>Cuidados<\/strong>: Uso externo. Mantenha longe dos olhos. Em caso de irrita\u00e7\u00e3o, procure um profissional apropriado.\u00a0<\/em><\/p>\n<p>Na Luminar oferecemos consultas com Aromaterapeutas profissionais para que voc\u00ea possa identificar a causa da ansiedade e fazer um plano de tratamento.<\/p>\n","protected":false},"excerpt":{"rendered":"<p>Acalmar traz os benef\u00edcios da Lavanda, Bergamota e Camomila-Romana para reduzir a ansiedade e o nervosismo no seu dia a dia. &nbsp; Indica\u00e7\u00e3o de uso: Este Blend \u00e9 indicado para quem est\u00e1 sempre pensando no amanh\u00e3, com muitas preocupa\u00e7\u00f5es e medos e pra quem n\u00e3o consegue dormir por causa das emo\u00e7\u00f5es em desequil\u00edbrio. &nbsp; Benef\u00edcios [&hellip;]<\/p>\n","protected":false},"featured_media":3798,"comment_status":"open","ping_status":"closed","template":"","meta":{"_acf_changed":false},"product_brand":[],"product_cat":[201,182,203,195,197,209,207],"product_tag":[],"class_list":{"0":"post-3295","1":"product","2":"type-product","3":"status-publish","4":"has-post-thumbnail","6":"product_cat-ansiedade","7":"product_cat-aromaterapia","8":"product_cat-autoaceitacao","9":"product_cat-blends","10":"product_cat-esgotamento-mental","11":"product_cat-insonia-mental","12":"product_cat-medos","14":"first","15":"instock","16":"sale","17":"shipping-taxable","18":"purchasable","19":"product-type-simple"},"acf":[],"_links":{"self":[{"href":"https:\/\/www.luminarterapias.com.br\/loja\/wp-json\/wp\/v2\/product\/3295","targetHints":{"allow":["GET"]}}],"collection":[{"href":"https:\/\/www.luminarterapias.com.br\/loja\/wp-json\/wp\/v2\/product"}],"about":[{"href":"https:\/\/www.luminarterapias.com.br\/loja\/wp-json\/wp\/v2\/types\/product"}],"replies":[{"embeddable":true,"href":"https:\/\/www.luminarterapias.com.br\/loja\/wp-json\/wp\/v2\/comments?post=3295"}],"wp:featuredmedia":[{"embeddable":true,"href":"https:\/\/www.luminarterapias.com.br\/loja\/wp-json\/wp\/v2\/media\/3798"}],"wp:attachment":[{"href":"https:\/\/www.luminarterapias.com.br\/loja\/wp-json\/wp\/v2\/media?parent=3295"}],"wp:term":[{"taxonomy":"product_brand","embeddable":true,"href":"https:\/\/www.luminarterapias.com.br\/loja\/wp-json\/wp\/v2\/product_brand?post=3295"},{"taxonomy":"product_cat","embeddable":true,"href":"https:\/\/www.luminarterapias.com.br\/loja\/wp-json\/wp\/v2\/product_cat?post=3295"},{"taxonomy":"product_tag","embeddable":true,"href":"https:\/\/www.luminarterapias.com.br\/loja\/wp-json\/wp\/v2\/product_tag?post=3295"}],"curies":[{"name":"wp","href":"https:\/\/api.w.org\/{rel}","templated":true}]}}