{"id":3294,"date":"2024-06-25T08:47:34","date_gmt":"2024-06-25T11:47:34","guid":{"rendered":"https:\/\/www.luminarterapias.com.br\/loja\/produto\/blend-de-oleo-essencial-energizar-10ml"},"modified":"2024-10-23T22:11:08","modified_gmt":"2024-10-24T01:11:08","slug":"blend-de-oleo-essencial-energizar-10ml","status":"publish","type":"product","link":"https:\/\/www.luminarterapias.com.br\/loja\/produto\/blend-de-oleo-essencial-energizar-10ml","title":{"rendered":"Energizar &#8211; Blend de \u00d3leos Essenciais 10ml"},"content":{"rendered":"<p><strong>Energizar<\/strong> traz os benef\u00edcios da Laranja-Doce, Hortel\u00e3-Pimenta e Lim\u00e3o Siciliano para reestabelecer o \u00e2nimo, a vitalidade e a alegria na sua vida.<\/p>\n<p>&nbsp;<\/p>\n<p><strong>Indica\u00e7\u00e3o de uso:<\/strong> Sabe aqueles momentos em que voc\u00ea est\u00e1 sem energia? Parece que tudo \u00e9 pesado, dif\u00edcil e a vida vira um monte de obriga\u00e7\u00f5es? Ent\u00e3o, o Blend Energizar foi cuidadosamente elaborado com \u00f3leos essenciais de plantas medicinais para trazer de volta mais energia pra voc\u00ea.<\/p>\n<p>&nbsp;<\/p>\n<p><strong>Benef\u00edcios dos \u00f3leos essenciais:<\/strong><\/p>\n<p><strong>\ud83c\udf3f Laranja Doce:<\/strong><\/p>\n<p>\u2022 Energizante: Revitaliza e melhora o humor.<br \/>\n\u2022 Calmante: Ajuda a reduzir o estresse e a ansiedade.<br \/>\n\u2022 Digestivo: Auxilia na digest\u00e3o e no al\u00edvio de c\u00f3licas.<\/p>\n<p>&nbsp;<\/p>\n<p><strong>\ud83c\udf3f Hortel\u00e3 Pimenta:<\/strong><\/p>\n<p>\u2022 Refrescante: Alivia dores de cabe\u00e7a e enxaquecas.<br \/>\n\u2022 Estimulante: Melhora o foco e a concentra\u00e7\u00e3o.<br \/>\n\u2022 Al\u00edvio muscular: Ajuda a relaxar m\u00fasculos tensos e aliviar dores.<\/p>\n<p>&nbsp;<\/p>\n<p><strong>\ud83c\udf3f Lim\u00e3o Siciliano:<\/strong><\/p>\n<p>\u2022 Desintoxicante: Estimula o sistema imunol\u00f3gico e auxilia na elimina\u00e7\u00e3o de toxinas.<br \/>\n\u2022 Revitalizante: Proporciona sensa\u00e7\u00e3o de energia e bem-estar.<br \/>\n\u2022 Antiss\u00e9ptico: Ajuda a purificar o ar e higienizar ambientes.<\/p>\n<p>&nbsp;<\/p>\n<p><strong>O que tem no Blend:<\/strong> \u00d3leos essenciais 100% puros de Laranja-Doce, Hortel\u00e3-Pimenta e Lim\u00e3o Siciliano. Tudo vegano, 100% natural e artesanal, em formato rollon para facilitar a aplica\u00e7\u00e3o.<\/p>\n<p><b>Todos os Blends da Luminar s\u00e3o elaborados com \u00f3leo vegetal carreador de coco fracionado, que tem r\u00e1pida absor\u00e7\u00e3o e proporciona excelente hidrata\u00e7\u00e3o. Desta forma voc\u00ea pode aplicar nossa sinergia diretamente na pele de forma segura e eficaz.<\/b><\/p>\n<p>&nbsp;<\/p>\n<p><em>Cuidados: N\u00e3o tome sol na \u00e1rea em que aplicar o produto, este \u00e9 um blend fotossens\u00edvel. Este Blend n\u00e3o deve ser usado em Gestantes, Lactantes e pessoas com Hipertens\u00e3o.<\/em><br \/>\n<em>Uso externo. Mantenha longe dos olhos<\/em>.<\/p>\n","protected":false},"excerpt":{"rendered":"<p>Energizar traz os benef\u00edcios da Laranja-Doce, Hortel\u00e3-Pimenta e Lim\u00e3o Siciliano para reestabelecer o \u00e2nimo, a vitalidade e a alegria na sua vida. &nbsp; Indica\u00e7\u00e3o de uso: Sabe aqueles momentos em que voc\u00ea est\u00e1 sem energia? Parece que tudo \u00e9 pesado, dif\u00edcil e a vida vira um monte de obriga\u00e7\u00f5es? Ent\u00e3o, o Blend Energizar foi cuidadosamente [&hellip;]<\/p>\n","protected":false},"featured_media":3498,"comment_status":"open","ping_status":"closed","template":"","meta":{"_acf_changed":false},"product_brand":[],"product_cat":[182,215,195,198,197],"product_tag":[],"class_list":{"0":"post-3294","1":"product","2":"type-product","3":"status-publish","4":"has-post-thumbnail","6":"product_cat-aromaterapia","7":"product_cat-autoconfianca","8":"product_cat-blends","9":"product_cat-dores-fisicas","10":"product_cat-esgotamento-mental","12":"first","13":"instock","14":"sale","15":"shipping-taxable","16":"purchasable","17":"product-type-simple"},"acf":[],"_links":{"self":[{"href":"https:\/\/www.luminarterapias.com.br\/loja\/wp-json\/wp\/v2\/product\/3294","targetHints":{"allow":["GET"]}}],"collection":[{"href":"https:\/\/www.luminarterapias.com.br\/loja\/wp-json\/wp\/v2\/product"}],"about":[{"href":"https:\/\/www.luminarterapias.com.br\/loja\/wp-json\/wp\/v2\/types\/product"}],"replies":[{"embeddable":true,"href":"https:\/\/www.luminarterapias.com.br\/loja\/wp-json\/wp\/v2\/comments?post=3294"}],"wp:featuredmedia":[{"embeddable":true,"href":"https:\/\/www.luminarterapias.com.br\/loja\/wp-json\/wp\/v2\/media\/3498"}],"wp:attachment":[{"href":"https:\/\/www.luminarterapias.com.br\/loja\/wp-json\/wp\/v2\/media?parent=3294"}],"wp:term":[{"taxonomy":"product_brand","embeddable":true,"href":"https:\/\/www.luminarterapias.com.br\/loja\/wp-json\/wp\/v2\/product_brand?post=3294"},{"taxonomy":"product_cat","embeddable":true,"href":"https:\/\/www.luminarterapias.com.br\/loja\/wp-json\/wp\/v2\/product_cat?post=3294"},{"taxonomy":"product_tag","embeddable":true,"href":"https:\/\/www.luminarterapias.com.br\/loja\/wp-json\/wp\/v2\/product_tag?post=3294"}],"curies":[{"name":"wp","href":"https:\/\/api.w.org\/{rel}","templated":true}]}}